{"id":1702,"date":"2025-12-07T10:22:05","date_gmt":"2025-12-07T09:22:05","guid":{"rendered":"https:\/\/deep-cosmos.com\/page\/?page_id=1702"},"modified":"2025-12-07T13:51:02","modified_gmt":"2025-12-07T12:51:02","slug":"bestellung-shop","status":"publish","type":"page","link":"https:\/\/deep-cosmos.com\/page\/bestellung-shop\/","title":{"rendered":"Bestellung \/ Shop"},"content":{"rendered":"<p>[et_pb_section fb_built=&#8221;1&#8243; _builder_version=&#8221;4.18.0&#8243; _module_preset=&#8221;default&#8221; background_color=&#8221;#0C71C3&#8243; custom_padding=&#8221;0px||0px||false|false&#8221; box_shadow_style=&#8221;preset3&#8243; box_shadow_color=&#8221;#000000&#8243; global_colors_info=&#8221;{}&#8221;][et_pb_row _builder_version=&#8221;4.18.0&#8243; _module_preset=&#8221;default&#8221; custom_padding=&#8221;20px||20px||false|false&#8221; global_colors_info=&#8221;{}&#8221;][et_pb_column type=&#8221;4_4&#8243; _builder_version=&#8221;4.18.0&#8243; _module_preset=&#8221;default&#8221; global_colors_info=&#8221;{}&#8221;][et_pb_text admin_label=&#8221;Bestellen \u00dcberschrift&#8221; _builder_version=&#8221;4.18.0&#8243; _module_preset=&#8221;default&#8221; background_layout=&#8221;dark&#8221; custom_padding=&#8221;0px||0px||false|false&#8221; animation_style=&#8221;slide&#8221; animation_direction=&#8221;right&#8221; global_colors_info=&#8221;{}&#8221;]<\/p>\n<h1>Bestellen \/ Shop<\/h1>\n<p>[\/et_pb_text][\/et_pb_column][\/et_pb_row][\/et_pb_section][et_pb_section fb_built=&#8221;1&#8243; _builder_version=&#8221;4.18.0&#8243; _module_preset=&#8221;default&#8221; custom_margin=&#8221;||||false|false&#8221; custom_padding=&#8221;||10px||false|false&#8221; global_colors_info=&#8221;{}&#8221;][et_pb_row column_structure=&#8221;3_5,2_5&#8243; _builder_version=&#8221;4.18.0&#8243; _module_preset=&#8221;default&#8221; global_colors_info=&#8221;{}&#8221;][et_pb_column type=&#8221;3_5&#8243; _builder_version=&#8221;4.18.0&#8243; _module_preset=&#8221;default&#8221; global_colors_info=&#8221;{}&#8221;][et_pb_text admin_label=&#8221;Beschreibung&#8221; _builder_version=&#8221;4.18.0&#8243; _module_preset=&#8221;default&#8221; animation_style=&#8221;zoom&#8221; hover_enabled=&#8221;0&#8243; global_colors_info=&#8221;{}&#8221; sticky_enabled=&#8221;0&#8243;]<\/p>\n<h2 style=\"text-align: left;\">Fotokalender 2026 im A3 oder A2 Querformat Schwarz.<\/h2>\n<p>&nbsp;<\/p>\n<p style=\"text-align: left;\">Der Kalender besitzt das Format A3 (420mm x 297mm) oder A2 (594mm x 420mm) im Querformat. Die Fotos sind auf schwarzem Hintergrund gedruckt.<\/p>\n<p style=\"text-align: left;\">Das Titelblatt sowie jeder Monat sind mit meinen Aufnahmen aus dem Jahr 2025 gestaltet.<\/p>\n<p style=\"text-align: left;\">Der Kalender wiegt insgesamt rund 600 Gramm (A3) und rund 900Gramm (A2) und kann daher kosteng\u00fcnstig verschickt werden.<\/p>\n<p>&#8211; Titelblatt und 12 Kalenderbl\u00e4tter<br \/>&#8211; 250g\/m\u00b2 Papier mit mattgestrichener Oberfl\u00e4che<br \/>&#8211; Druckaufl\u00f6sung von 812 dpi<br \/>&#8211; R\u00fcckwand aus 350g\/m\u00b2 Chromokarton, beidseitig gestrichen, wei\u00df<br \/>&#8211; Ringbindung schwarz<\/p>\n<p style=\"text-align: left;\">Ihre Bestellung wird direkt von der Druckerei versendet und spart somit Kosten. Die <strong>Lieferzeit<\/strong> betr\u00e4gt nach Zahlungseingang je nach Auftragslage der Druckerei<strong> zwischen 7 und 14 Tagen.<\/strong><\/p>\n<p style=\"text-align: left;\">Die Versandkosten f\u00fcr Deutschland bis 5kg betragen 9.95 \u20ac.<\/p>\n<p>&nbsp;<\/p>\n<h4><strong>Fotokalender A3 (42,0 cm x 29,7 cm)\u00a0 \u00a0Einzel-Preis: 23.00 Euro <\/strong>plus Versand<\/h4>\n<h5>Ab 2 Kalender der gleichen Gr\u00f6\u00dfe betr\u00e4gt der <strong>Preis pro Kalender<\/strong> nur <strong>18.00 \u20ac <\/strong>plus Versand<\/h5>\n<p>&nbsp;<\/p>\n<h4><strong>Fotokalender A2 (59,4 cm x 42,0 cm)\u00a0 \u00a0Einzel-Preis: 39.00 Euro <\/strong>plus Versand<\/h4>\n<h5>Ab 2 Kalender der gleichen Gr\u00f6\u00dfe betr\u00e4gt der <strong>Preis pro Kalender<\/strong> nur <strong>34.00 \u20ac<\/strong> plus Versand<\/h5>\n<p>[\/et_pb_text][\/et_pb_column][et_pb_column type=&#8221;2_5&#8243; _builder_version=&#8221;4.18.0&#8243; _module_preset=&#8221;default&#8221; global_colors_info=&#8221;{}&#8221;][et_pb_image src=&#8221;https:\/\/deep-cosmos.com\/page\/wp-content\/uploads\/2025\/04\/web1-werbung-k-26.png&#8221; title_text=&#8221;Kalender 2026&#8243; align=&#8221;right&#8221; _builder_version=&#8221;4.18.0&#8243; _module_preset=&#8221;default&#8221; animation_style=&#8221;flip&#8221; global_colors_info=&#8221;{}&#8221;][\/et_pb_image][\/et_pb_column][\/et_pb_row][\/et_pb_section][et_pb_section fb_built=&#8221;1&#8243; _builder_version=&#8221;4.18.0&#8243; _module_preset=&#8221;default&#8221; background_color=&#8221;#FFFFFF&#8221; custom_padding=&#8221;10px||||false|false&#8221; global_colors_info=&#8221;{}&#8221;][et_pb_row column_structure=&#8221;3_5,2_5&#8243; _builder_version=&#8221;4.18.0&#8243; _module_preset=&#8221;default&#8221; global_colors_info=&#8221;{}&#8221;][et_pb_column type=&#8221;3_5&#8243; _builder_version=&#8221;4.18.0&#8243; _module_preset=&#8221;default&#8221; global_colors_info=&#8221;{}&#8221;][et_pb_text _builder_version=&#8221;4.18.0&#8243; _module_preset=&#8221;default&#8221; custom_margin=&#8221;1px||1px||false|false&#8221; custom_padding=&#8221;1px||1px||false|false&#8221; animation_style=&#8221;slide&#8221; animation_direction=&#8221;left&#8221; global_colors_info=&#8221;{}&#8221;]<\/p>\n<h2>Bestellformular<\/h2>\n<p>[\/et_pb_text][et_pb_code _builder_version=&#8221;4.18.0&#8243; _module_preset=&#8221;default&#8221; background_color=&#8221;#FFFFFF&#8221; custom_padding=&#8221;20px|20px|20px|20px|false|false&#8221; animation_style=&#8221;slide&#8221; animation_direction=&#8221;left&#8221; border_radii=&#8221;on|10px|10px|10px|10px&#8221; border_width_all=&#8221;1px&#8221; border_color_all=&#8221;#242424&#8243; box_shadow_style=&#8221;preset3&#8243; box_shadow_color=&#8221;#000000&#8243; global_colors_info=&#8221;{}&#8221;]<div id=\"quform-d33d3c\" class=\"quform quform-2 quform-support-page-caching\"><form id=\"quform-form-d33d3c\" class=\"quform-form quform-form-2\" action=\"\/page\/wp-json\/wp\/v2\/pages\/1702#quform-d33d3c\" method=\"post\" enctype=\"multipart\/form-data\" novalidate=\"novalidate\" data-options=\"{&quot;id&quot;:2,&quot;uniqueId&quot;:&quot;d33d3c&quot;,&quot;theme&quot;:&quot;&quot;,&quot;ajax&quot;:true,&quot;logic&quot;:{&quot;logic&quot;:[],&quot;dependents&quot;:[],&quot;elementIds&quot;:[],&quot;dependentElementIds&quot;:[],&quot;animate&quot;:true},&quot;currentPageId&quot;:1,&quot;errorsIcon&quot;:&quot;&quot;,&quot;updateFancybox&quot;:true,&quot;hasPages&quot;:false,&quot;pages&quot;:[1],&quot;pageProgressType&quot;:&quot;numbers&quot;,&quot;tooltipsEnabled&quot;:true,&quot;tooltipClasses&quot;:&quot;qtip-quform-dark qtip-shadow&quot;,&quot;tooltipMy&quot;:&quot;left center&quot;,&quot;tooltipAt&quot;:&quot;right center&quot;,&quot;isRtl&quot;:false,&quot;scrollOffset&quot;:-50,&quot;scrollSpeed&quot;:800}\"><button class=\"quform-default-submit\" name=\"quform_submit\" type=\"submit\" value=\"submit\" aria-hidden=\"true\" tabindex=\"-1\"><\/button><div class=\"quform-form-inner quform-form-inner-2\"><input type=\"hidden\" name=\"quform_form_id\" value=\"2\" \/><input type=\"hidden\" name=\"quform_form_uid\" value=\"d33d3c\" \/><input type=\"hidden\" name=\"quform_count\" value=\"1\" \/><input type=\"hidden\" name=\"form_url\" value=\"https:\/\/deep-cosmos.com\/page\/wp-json\/wp\/v2\/pages\/1702\" \/><input type=\"hidden\" name=\"referring_url\" value=\"\" \/><input type=\"hidden\" name=\"post_id\" value=\"\" \/><input type=\"hidden\" name=\"post_title\" value=\"\" \/><input type=\"hidden\" name=\"quform_current_page_id\" value=\"1\" \/><input type=\"hidden\" name=\"quform_csrf_token\" value=\"zc3nunCAN1UjPuK6icRy9RDncuMr9Rl0fsjNlc2m\" \/><div class=\"quform-elements quform-elements-2 quform-cf quform-responsive-elements-phone-landscape\"><div class=\"quform-element quform-element-page quform-page-1 quform-page-2_1 quform-cf quform-group-style-plain quform-first-page quform-last-page quform-current-page\"><div class=\"quform-child-elements\"><div class=\"quform-element quform-element-name quform-element-2_4 quform-cf quform-element-required\"><div class=\"quform-spacer\"><div class=\"quform-label quform-label-2_4\"><label class=\"quform-label-text\" id=\"quform_2_4_d33d3c_label\">Name<span class=\"quform-required\">*<\/span><\/label><\/div><div class=\"quform-inner quform-inner-name quform-inner-2_4\"><div class=\"quform-input quform-input-name quform-input-2_4 quform-cf\"><div class=\"quform-element-row quform-2-columns quform-element-row-size-fixed quform-responsive-columns-phone-landscape\"><div class=\"quform-element-column\"><div class=\"quform-element quform-element-text quform-element-2_4_2 quform-cf quform-element-required\"><div class=\"quform-spacer\"><div class=\"quform-inner quform-inner-text quform-inner-2_4_2\"><div class=\"quform-input quform-input-text quform-input-2_4_2 quform-cf\"><input type=\"text\" id=\"quform_2_4_2_d33d3c\" name=\"quform_2_4[2]\" class=\"quform-field quform-field-text quform-field-2_4_2\" aria-labelledby=\"quform_2_4_d33d3c_label quform_2_4_2_d33d3c_sub_label_below\" \/><\/div><label id=\"quform_2_4_2_d33d3c_sub_label_below\" class=\"quform-sub-label quform-sub-label-below\">Vorname<\/label><\/div><\/div><\/div><\/div><div class=\"quform-element-column\"><div class=\"quform-element quform-element-text quform-element-2_4_4 quform-cf quform-element-required\"><div class=\"quform-spacer\"><div class=\"quform-inner quform-inner-text quform-inner-2_4_4\"><div class=\"quform-input quform-input-text quform-input-2_4_4 quform-cf\"><input type=\"text\" id=\"quform_2_4_4_d33d3c\" name=\"quform_2_4[4]\" class=\"quform-field quform-field-text quform-field-2_4_4\" aria-labelledby=\"quform_2_4_d33d3c_label quform_2_4_4_d33d3c_sub_label_below\" \/><\/div><label id=\"quform_2_4_4_d33d3c_sub_label_below\" class=\"quform-sub-label quform-sub-label-below\">Nachname<\/label><\/div><\/div><\/div><\/div><\/div><\/div><\/div><\/div><\/div><div class=\"quform-element quform-element-row quform-element-row-2_22 quform-2-columns quform-element-row-size-fixed\"><div class=\"quform-element quform-element-column quform-element-2_23\"><div class=\"quform-element quform-element-text quform-element-2_25 quform-cf quform-element-required\"><div class=\"quform-spacer\"><div class=\"quform-label quform-label-2_25\"><label class=\"quform-label-text\" for=\"quform_2_25_d33d3c\">Strasse<span class=\"quform-required\">*<\/span><\/label><\/div><div class=\"quform-inner quform-inner-text quform-inner-2_25\"><div class=\"quform-input quform-input-text quform-input-2_25 quform-cf\"><input type=\"text\" id=\"quform_2_25_d33d3c\" name=\"quform_2_25\" class=\"quform-field quform-field-text quform-field-2_25\" \/><\/div><\/div><\/div><\/div><\/div><div class=\"quform-element quform-element-column quform-element-2_24\"><div class=\"quform-element quform-element-text quform-element-2_26 quform-cf quform-element-required\"><div class=\"quform-spacer\"><div class=\"quform-label quform-label-2_26\"><label class=\"quform-label-text\" for=\"quform_2_26_d33d3c\">Haus Nr.<span class=\"quform-required\">*<\/span><\/label><\/div><div class=\"quform-inner quform-inner-text quform-inner-2_26\"><div class=\"quform-input quform-input-text quform-input-2_26 quform-cf\"><input type=\"text\" id=\"quform_2_26_d33d3c\" name=\"quform_2_26\" class=\"quform-field quform-field-text quform-field-2_26\" \/><\/div><\/div><\/div><\/div><\/div><\/div><div class=\"quform-element quform-element-row quform-element-row-2_13 quform-2-columns quform-element-row-size-fixed\"><div class=\"quform-element quform-element-column quform-element-2_14\"><div class=\"quform-element quform-element-text quform-element-2_17 quform-cf quform-element-required\"><div class=\"quform-spacer\"><div class=\"quform-label quform-label-2_17\"><label class=\"quform-label-text\" for=\"quform_2_17_d33d3c\">PLZ<span class=\"quform-required\">*<\/span><\/label><\/div><div class=\"quform-inner quform-inner-text quform-inner-2_17\"><div class=\"quform-input quform-input-text quform-input-2_17 quform-cf\"><input type=\"text\" id=\"quform_2_17_d33d3c\" name=\"quform_2_17\" class=\"quform-field quform-field-text quform-field-2_17\" \/><\/div><\/div><\/div><\/div><\/div><div class=\"quform-element quform-element-column quform-element-2_15\"><div class=\"quform-element quform-element-text quform-element-2_18 quform-cf quform-element-required\"><div class=\"quform-spacer\"><div class=\"quform-label quform-label-2_18\"><label class=\"quform-label-text\" for=\"quform_2_18_d33d3c\">Ort \/ Stadt<span class=\"quform-required\">*<\/span><\/label><\/div><div class=\"quform-inner quform-inner-text quform-inner-2_18\"><div class=\"quform-input quform-input-text quform-input-2_18 quform-cf\"><input type=\"text\" id=\"quform_2_18_d33d3c\" name=\"quform_2_18\" class=\"quform-field quform-field-text quform-field-2_18\" \/><\/div><\/div><\/div><\/div><\/div><\/div><div class=\"quform-element quform-element-email quform-element-2_27 quform-cf quform-element-required\"><div class=\"quform-spacer\"><div class=\"quform-label quform-label-2_27\"><label class=\"quform-label-text\" for=\"quform_2_27_d33d3c\">Email address<span class=\"quform-required\">*<\/span><\/label><\/div><div class=\"quform-inner quform-inner-email quform-inner-2_27\"><div class=\"quform-input quform-input-email quform-input-2_27 quform-cf\"><input type=\"email\" id=\"quform_2_27_d33d3c\" name=\"quform_2_27\" class=\"quform-field quform-field-email quform-field-2_27\" \/><\/div><\/div><\/div><\/div><div class=\"quform-element quform-element-text quform-element-2_28 quform-cf quform-element-optional\"><div class=\"quform-spacer\"><div class=\"quform-label quform-label-2_28\"><label class=\"quform-label-text\" for=\"quform_2_28_d33d3c\">Telefon \/ WhatsApp<\/label><\/div><div class=\"quform-inner quform-inner-text quform-inner-2_28\"><div class=\"quform-input quform-input-text quform-input-2_28 quform-cf\"><input type=\"text\" id=\"quform_2_28_d33d3c\" name=\"quform_2_28\" class=\"quform-field quform-field-text quform-field-2_28\" \/><\/div><\/div><\/div><\/div><div class=\"quform-element quform-element-row quform-element-row-2_31 quform-2-columns quform-element-row-size-fixed\"><div class=\"quform-element quform-element-column quform-element-2_32\"><div class=\"quform-element quform-element-select quform-element-2_30 quform-cf quform-element-optional\"><div class=\"quform-spacer\"><div class=\"quform-label quform-label-2_30\"><label class=\"quform-label-text\" for=\"quform_2_30_d33d3c\">Kalender 2026 DIN A3<\/label><\/div><div class=\"quform-inner quform-inner-select quform-inner-2_30\"><div class=\"quform-input quform-input-select quform-input-2_30 quform-cf\"><select id=\"quform_2_30_d33d3c\" name=\"quform_2_30\" class=\"quform-field quform-field-select quform-field-2_30\"><option value=\"\" selected=\"selected\">Bitte Ausw\u00e4hlen \/ Bestellen<\/option><option value=\"DIN A3 ( 29,7 x 42 Zentimeter )\">DIN A3 ( 29,7 x 42 Zentimeter )<\/option><\/select><\/div><\/div><\/div><\/div><div class=\"quform-element quform-element-select quform-element-2_40 quform-cf quform-element-optional\"><div class=\"quform-spacer\"><div class=\"quform-label quform-label-2_40\"><label class=\"quform-label-text\" for=\"quform_2_40_d33d3c\">Kalender 2026 DIN A2<\/label><\/div><div class=\"quform-inner quform-inner-select quform-inner-2_40\"><div class=\"quform-input quform-input-select quform-input-2_40 quform-cf\"><select id=\"quform_2_40_d33d3c\" name=\"quform_2_40\" class=\"quform-field quform-field-select quform-field-2_40\"><option value=\"\" selected=\"selected\">Bitte Ausw\u00e4hlen \/ Bestellen<\/option><option value=\"DIN A2 ( 42 x 59,4 Zentimeter)\">DIN A2 ( 42 x 59,4 Zentimeter)<\/option><\/select><\/div><\/div><\/div><\/div><\/div><div class=\"quform-element quform-element-column quform-element-2_33\"><div class=\"quform-element quform-element-text quform-element-2_34 quform-cf quform-element-optional\"><div class=\"quform-spacer\"><div class=\"quform-label quform-label-2_34\"><label class=\"quform-label-text\" for=\"quform_2_34_d33d3c\">Anzahl \/ Menge A3<\/label><\/div><div class=\"quform-inner quform-inner-text quform-inner-2_34\"><div class=\"quform-input quform-input-text quform-input-2_34 quform-cf\"><input type=\"text\" id=\"quform_2_34_d33d3c\" name=\"quform_2_34\" class=\"quform-field quform-field-text quform-field-2_34\" \/><\/div><\/div><\/div><\/div><div class=\"quform-element quform-element-text quform-element-2_41 quform-cf quform-element-optional\"><div class=\"quform-spacer\"><div class=\"quform-label quform-label-2_41\"><label class=\"quform-label-text\" for=\"quform_2_41_d33d3c\">Anzahl \/ Menge A2<\/label><\/div><div class=\"quform-inner quform-inner-text quform-inner-2_41\"><div class=\"quform-input quform-input-text quform-input-2_41 quform-cf\"><input type=\"text\" id=\"quform_2_41_d33d3c\" name=\"quform_2_41\" class=\"quform-field quform-field-text quform-field-2_41\" \/><\/div><\/div><\/div><\/div><\/div><\/div><div class=\"quform-element quform-element-textarea quform-element-2_46 quform-cf quform-element-optional\"><div class=\"quform-spacer\"><div class=\"quform-label quform-label-2_46\"><label class=\"quform-label-text\" for=\"quform_2_46_d33d3c\">Extra Mitteilung<\/label><\/div><div class=\"quform-inner quform-inner-textarea quform-inner-2_46 quform-field-size-slim\"><div class=\"quform-input quform-input-textarea quform-input-2_46 quform-cf\"><textarea id=\"quform_2_46_d33d3c\" name=\"quform_2_46\" class=\"quform-field quform-field-textarea quform-field-2_46\"><\/textarea><\/div><\/div><\/div><\/div><div class=\"quform-element quform-element-captcha quform-element-2_45 quform-cf quform-element-required\"><div class=\"quform-spacer\"><div class=\"quform-label quform-label-2_45\"><label class=\"quform-label-text\" for=\"quform_2_45_d33d3c\">Bitte geben Sie die Zeichen ein<span class=\"quform-required\">*<\/span><\/label><\/div><div class=\"quform-inner quform-inner-captcha quform-inner-2_45\"><div class=\"quform-input quform-input-captcha quform-input-2_45 quform-cf\"><input type=\"text\" id=\"quform_2_45_d33d3c\" name=\"quform_2_45\" class=\"quform-field quform-field-captcha quform-field-2_45\" \/><\/div><div class=\"quform-captcha quform-cf\"><div class=\"quform-captcha-image quform-captcha-image-2_45\"><img loading=\"lazy\" decoding=\"async\" class=\"quform-captcha-image-img\" src=\"data:image\/png;base64,iVBORw0KGgoAAAANSUhEUgAAAOYAAABQBAMAAAD\/1xTgAAAAG1BMVEX\/\/\/8iIiLj4+OsrKyQkJDHx8dZWVk9PT10dHTE3tFQAAAACXBIWXMAAA7EAAAOxAGVKw4bAAAC8UlEQVRoge1WwW7aQBB1F+xw7JYEczRCJFfcJFWPdaCcASElR1xFosc4aoFjaaWmn92ZXds7a6deVLWqKs07GHnYmTc783a8nsdgMBgMBoPBYDAY\/xijq\/lfi72QiFPbKFZPNdsfxEFxyqg0rCaXswxN4RHew+nkN8qRas5x8d6RBY7gfIPrbqhFvM3kLg2bE8n68Ajku+J9UHK6a3uuc6MEifb90uinQrfMohfK5yP4Proo\/UwTnFWzcHJ24SF2ZW1PpOx9m2ObnY26gD1OZ\/CISlPeKVO25yBoloiO7Hm4cdl3USIBpHpLGNAtGiUOTl+e3W3Ce5NpW3FCVx9clC1dVfhZF6ZAZSGcnKGtF1+dm\/SI0p7o0DFJD0z4kxrOCxTZCBtv5NGqNkBgqu1jVDvQpxqcXxamQJsSE07peIqPLuX8FPkp6WoGDgusl4iaOWPVBaiL2Sfk+hl+zs3xwX32RrKyz1OvaGKeGcgww3wTh4oS5SqsIoHj\/rW1SigxJmTQed5mrjdXGvw5zqIuBmve6EGXKyH5qm3BWYusZVE+eWo502UxHmpBBmITpz+lapspdVCGBZTBt06knz7WOKFCOGsdigfOms46e09cbSQ5PajlB9AWMYD4+tqfcAb64KWOCZYU21mWplilOcyISEExZ8BCSxYrR2F9RPI5crCSq2OhDyP0sFx30GkOrOJCvxNJHWO1KqBlAvX3dIDmUZTPBAj4ymS71v8QWWENbQlBSkssBgkPsTDIUJpYz6KtW+CTmRAXUqYcAzmxIxVziGgPPiljrYTK+K8ApTbORZ4Dyn2\/FHd06GARt5Uu6S\/eB2OAvMPvOpGu1whgCH880YtNXHzvaVdasnbqVhu5fU\/ezeXEoduyRqYcSXGtiei6zHnNCXI\/\/HI7cFu9mxzkTpm+WssS5wejrS8n1y5CBN7BeqRuC7mGO+P+xl7VcRUMZ8F2Eh3DCBhdXtOlHceF75cQS\/caBoPBYDAYDAaD8R\/hJyZvcpzHVmaRAAAAAElFTkSuQmCC\" alt=\"CAPTCHA image\" data-element-id=\"45\" width=\"115\" height=\"40\" \/><\/div><\/div><p class=\"quform-description quform-description-below\">Die dient zur Vermeidung von Spam<\/p><\/div><\/div><\/div><div class=\"quform-element quform-element-recaptcha quform-element-2_3 quform-cf quform-element-required\"><div class=\"quform-spacer\"><div class=\"quform-label quform-label-2_3\"><label class=\"quform-label-text\">Bist du ein Mensch ??<span class=\"quform-required\">*<\/span><\/label><\/div><div class=\"quform-inner quform-inner-recaptcha quform-inner-2_3\"><div class=\"quform-input quform-input-recaptcha quform-input-2_3 quform-cf\"><div class=\"quform-recaptcha\" data-config=\"{&quot;sitekey&quot;:&quot;6LdBx8wrAAAAANlxNyMV7vkncj9cVo-Z_aBZ_3X5&quot;,&quot;_version&quot;:&quot;v2&quot;,&quot;size&quot;:&quot;normal&quot;,&quot;type&quot;:&quot;image&quot;,&quot;theme&quot;:&quot;light&quot;,&quot;badge&quot;:&quot;bottomright&quot;}\"><\/div><noscript><div><div style=\"width: 302px; height: 422px; position: relative;\"><div style=\"width: 302px; height: 422px; position: absolute;\"><iframe src=\"https:\/\/www.google.com\/recaptcha\/api\/fallback?k=6LdBx8wrAAAAANlxNyMV7vkncj9cVo-Z_aBZ_3X5\" frameborder=\"0\" scrolling=\"no\" style=\"width: 302px; height:422px; border-style: none;\"><\/iframe><\/div><\/div><div style=\"width: 300px; height: 60px; border-style: none; bottom: 12px; left: 25px; margin: 0px; padding: 0px; right: 25px; background: #f9f9f9; border: 1px solid #c1c1c1; border-radius: 3px;\"><textarea name=\"g-recaptcha-response\" class=\"g-recaptcha-response\" style=\"width: 250px; height: 40px; border: 1px solid #c1c1c1; margin: 10px 25px; padding: 0px; resize: none;\"><\/textarea><\/div><\/div><\/noscript><\/div><\/div><\/div><\/div><div class=\"quform-element quform-element-submit quform-element-2_44 quform-cf quform-button-style-theme\"><div class=\"quform-button-submit quform-button-submit-default quform-button-submit-2_44\"><button name=\"quform_submit\" type=\"submit\" class=\"quform-submit\" value=\"submit\"><span class=\"quform-button-text quform-button-submit-text\">Bestellung Absenden<\/span><\/button><\/div><div class=\"quform-loading quform-loading-position-left quform-loading-type-spinner-1\"><div class=\"quform-loading-inner\"><div class=\"quform-loading-spinner\"><div class=\"quform-loading-spinner-inner\"><\/div><\/div><\/div><\/div><\/div><div class=\"quform-element-tree\"><label for=\"quform_2_0_d33d3c\">This field should be left blank<\/label><input type=\"text\" id=\"quform_2_0_d33d3c\" name=\"quform_2_0\" class=\"quform-field quform-field-tree quform-field-2_0\" tabindex=\"-1\" autocomplete=\"off\" \/><\/div><\/div><\/div><\/div><\/div><\/form><\/div>[\/et_pb_code][\/et_pb_column][et_pb_column type=&#8221;2_5&#8243; _builder_version=&#8221;4.18.0&#8243; _module_preset=&#8221;default&#8221; global_colors_info=&#8221;{}&#8221;][et_pb_image src=&#8221;https:\/\/deep-cosmos.com\/page\/wp-content\/uploads\/2025\/12\/web-uebersicht-k-26.png&#8221; title_text=&#8221;web-\u00fcbersicht-k-26&#8243; align=&#8221;right&#8221; _builder_version=&#8221;4.18.0&#8243; _module_preset=&#8221;default&#8221; custom_margin=&#8221;40px||||false|false&#8221; animation_style=&#8221;slide&#8221; animation_direction=&#8221;right&#8221; global_colors_info=&#8221;{}&#8221;][\/et_pb_image][\/et_pb_column][\/et_pb_row][\/et_pb_section]<\/p>\n","protected":false},"excerpt":{"rendered":"<p>Bestellen \/ ShopFotokalender 2026 im A3 oder A2 Querformat Schwarz. &nbsp; Der Kalender besitzt das Format A3 (420mm x 297mm) oder A2 (594mm x 420mm) im Querformat. Die Fotos sind auf schwarzem Hintergrund gedruckt. Das Titelblatt sowie jeder Monat sind mit meinen Aufnahmen aus dem Jahr 2025 gestaltet. Der Kalender wiegt insgesamt rund 600 Gramm [&hellip;]<\/p>\n","protected":false},"author":1,"featured_media":0,"parent":0,"menu_order":0,"comment_status":"closed","ping_status":"closed","template":"","meta":{"_et_pb_use_builder":"on","_et_pb_old_content":"","_et_gb_content_width":"","_glsr_average":0,"_glsr_ranking":0,"_glsr_reviews":0,"footnotes":""},"class_list":["post-1702","page","type-page","status-publish","hentry"],"_links":{"self":[{"href":"https:\/\/deep-cosmos.com\/page\/wp-json\/wp\/v2\/pages\/1702","targetHints":{"allow":["GET"]}}],"collection":[{"href":"https:\/\/deep-cosmos.com\/page\/wp-json\/wp\/v2\/pages"}],"about":[{"href":"https:\/\/deep-cosmos.com\/page\/wp-json\/wp\/v2\/types\/page"}],"author":[{"embeddable":true,"href":"https:\/\/deep-cosmos.com\/page\/wp-json\/wp\/v2\/users\/1"}],"replies":[{"embeddable":true,"href":"https:\/\/deep-cosmos.com\/page\/wp-json\/wp\/v2\/comments?post=1702"}],"version-history":[{"count":60,"href":"https:\/\/deep-cosmos.com\/page\/wp-json\/wp\/v2\/pages\/1702\/revisions"}],"predecessor-version":[{"id":1834,"href":"https:\/\/deep-cosmos.com\/page\/wp-json\/wp\/v2\/pages\/1702\/revisions\/1834"}],"wp:attachment":[{"href":"https:\/\/deep-cosmos.com\/page\/wp-json\/wp\/v2\/media?parent=1702"}],"curies":[{"name":"wp","href":"https:\/\/api.w.org\/{rel}","templated":true}]}}