{"id":11,"date":"2023-08-12T15:36:30","date_gmt":"2023-08-12T13:36:30","guid":{"rendered":"https:\/\/deep-cosmos.com\/page\/?page_id=11"},"modified":"2026-04-04T13:17:56","modified_gmt":"2026-04-04T11:17:56","slug":"home","status":"publish","type":"page","link":"https:\/\/deep-cosmos.com\/page\/","title":{"rendered":"Home"},"content":{"rendered":"<p>[et_pb_section fb_built=&#8221;1&#8243; fullwidth=&#8221;on&#8221; _builder_version=&#8221;4.18.0&#8243; _module_preset=&#8221;default&#8221; global_colors_info=&#8221;{}&#8221;][et_pb_fullwidth_code _builder_version=&#8221;4.18.0&#8243; _module_preset=&#8221;default&#8221; global_colors_info=&#8221;{}&#8221;]<script type=\"text\/javascript\">jQuery(function() { _initLayerSlider( '#layerslider_8_1kkcc76tiasoh', {createdWith: '6.6.048', sliderVersion: '7.9.11', allowFullscreen: true, maxRatio: 1, skin: 'borderlessdark3d', sliderFadeInDuration: 350, navStartStop: false, showBarTimer: true, showCircleTimer: false, useSrcset: true, skinsPath: 'https:\/\/deep-cosmos.com\/page\/wp-content\/plugins\/LayerSlider\/assets\/static\/layerslider\/skins\/', performanceMode: true}); });<\/script><link href=\"https:\/\/fonts.googleapis.com\/css?family=Montserrat:100,100i,200,200i,300,300i,400,400i,500,500i,600,600i,700,700i,800,800i,900,900i\" rel=\"stylesheet\"><div id=\"layerslider_8_1kkcc76tiasoh\"  class=\"ls-wp-container fitvidsignore ls-selectable\" style=\"width:1500px;height:700px;margin:0 auto;margin-bottom: 0px;\"><div class=\"ls-slide\" data-ls=\"bgposition:50% 50%;duration:12000;transition2d:5;transitionduration:1500;kenburnszoom:out;kenburnsrotate:0;kenburnsscale:1.5;\"><img loading=\"lazy\" decoding=\"async\" width=\"2560\" height=\"1683\" src=\"https:\/\/deep-cosmos.com\/page\/wp-content\/uploads\/layerslider\/projects\/Simple-Fullscreen-Slider\/NGC2244_2-sw-medium-scaled.jpg\" class=\"ls-bg\" alt=\"\" srcset=\"https:\/\/deep-cosmos.com\/page\/wp-content\/uploads\/layerslider\/projects\/Simple-Fullscreen-Slider\/NGC2244_2-sw-medium-scaled.jpg 2560w, https:\/\/deep-cosmos.com\/page\/wp-content\/uploads\/layerslider\/projects\/Simple-Fullscreen-Slider\/NGC2244_2-sw-medium-scaled-1280x842.jpg 1280w, https:\/\/deep-cosmos.com\/page\/wp-content\/uploads\/layerslider\/projects\/Simple-Fullscreen-Slider\/NGC2244_2-sw-medium-scaled-980x644.jpg 980w, https:\/\/deep-cosmos.com\/page\/wp-content\/uploads\/layerslider\/projects\/Simple-Fullscreen-Slider\/NGC2244_2-sw-medium-scaled-480x316.jpg 480w\" sizes=\"auto, (min-width: 0px) and (max-width: 480px) 480px, (min-width: 481px) and (max-width: 980px) 980px, (min-width: 981px) and (max-width: 1280px) 1280px, (min-width: 1281px) 2560px, 100vw\" \/><img loading=\"lazy\" decoding=\"async\" width=\"2560\" height=\"1683\" src=\"https:\/\/deep-cosmos.com\/page\/wp-content\/uploads\/layerslider\/projects\/Simple-Fullscreen-Slider\/NGC2244_2-sw-medium-scaled.jpg\" class=\"ls-tn\" alt=\"\" srcset=\"https:\/\/deep-cosmos.com\/page\/wp-content\/uploads\/layerslider\/projects\/Simple-Fullscreen-Slider\/NGC2244_2-sw-medium-scaled.jpg 2560w, https:\/\/deep-cosmos.com\/page\/wp-content\/uploads\/layerslider\/projects\/Simple-Fullscreen-Slider\/NGC2244_2-sw-medium-scaled-1280x842.jpg 1280w, https:\/\/deep-cosmos.com\/page\/wp-content\/uploads\/layerslider\/projects\/Simple-Fullscreen-Slider\/NGC2244_2-sw-medium-scaled-980x644.jpg 980w, https:\/\/deep-cosmos.com\/page\/wp-content\/uploads\/layerslider\/projects\/Simple-Fullscreen-Slider\/NGC2244_2-sw-medium-scaled-480x316.jpg 480w\" sizes=\"auto, (min-width: 0px) and (max-width: 480px) 480px, (min-width: 481px) and (max-width: 980px) 980px, (min-width: 981px) and (max-width: 1280px) 1280px, (min-width: 1281px) 2560px, 100vw\" \/><div style=\"background: linear-gradient(to bottom, rgba(0,0,0,0.66) 0%,rgba(0,0,0,0) 100%);top:0px;left:0px;text-align:initial;mix-blend-mode:normal;\" class=\"ls-l ls-html-layer\" data-ls=\"easingin:easeOutQuint;static:forever;position:fixed;\"><\/div><p style=\"top:101px;left:229px;mix-blend-mode:normal;font-family:Montserrat;font-size:19px;line-height:28px;color:rgba(255, 255, 255, 0.9);width:780px;white-space:normal;\" class=\"ls-l ls-text-layer\" data-ls=\"offsetyin:-30;delayin:300;easingin:easeOutExpo;fadein:false;scaleyin:0;transformoriginin:50% 0% 0;texttransitionin:true;texttypein:lines_asc;textshiftin:100;textoffsetyin:-20;texteasingin:easeOutQuint;textstartatin:transitioninstart + 100;position:relative;\">NGC 2244 ist ein offener Sternhaufen im Rosettennebel, der sich im Sternbild Monoceros befindet.<\/p><p style=\"top:25px;left:230px;text-align:initial;font-weight:800;mix-blend-mode:normal;font-family:Montserrat;font-size:64px;line-height:64px;color:#ffffff;\" class=\"ls-l ls-text-layer\" data-ls=\"offsetyin:100lh;durationin:1200;easingin:easeOutQuint;fadein:false;clipin:0 0 100% 0;texttransitionin:true;texttypein:words_asc;textdurationin:1200;texteasingin:easeOutQuint;textfadein:false;textstartatin:transitioninstart + 0;textrotatein:10;position:relative;\">NGC-2244<\/p><\/div><div class=\"ls-slide\" data-ls=\"duration:12000;transition2d:5;transitionduration:1500;kenburnszoom:out;kenburnsrotate:6;kenburnsscale:1.1;\"><img loading=\"lazy\" decoding=\"async\" width=\"2560\" height=\"1846\" src=\"https:\/\/deep-cosmos.com\/page\/wp-content\/uploads\/layerslider\/projects\/Simple-Fullscreen-Slider\/NGC2175-1-sw-scaled.jpg\" class=\"ls-bg\" alt=\"\" srcset=\"https:\/\/deep-cosmos.com\/page\/wp-content\/uploads\/layerslider\/projects\/Simple-Fullscreen-Slider\/NGC2175-1-sw-scaled.jpg 2560w, https:\/\/deep-cosmos.com\/page\/wp-content\/uploads\/layerslider\/projects\/Simple-Fullscreen-Slider\/NGC2175-1-sw-scaled-1280x923.jpg 1280w, https:\/\/deep-cosmos.com\/page\/wp-content\/uploads\/layerslider\/projects\/Simple-Fullscreen-Slider\/NGC2175-1-sw-scaled-980x707.jpg 980w, https:\/\/deep-cosmos.com\/page\/wp-content\/uploads\/layerslider\/projects\/Simple-Fullscreen-Slider\/NGC2175-1-sw-scaled-480x346.jpg 480w\" sizes=\"auto, (min-width: 0px) and (max-width: 480px) 480px, (min-width: 481px) and (max-width: 980px) 980px, (min-width: 981px) and (max-width: 1280px) 1280px, (min-width: 1281px) 2560px, 100vw\" \/><div style=\"background: linear-gradient(to bottom, rgba(0,0,0,0.66) 0%,rgba(0,0,0,0) 100%);top:0px;left:0px;text-align:initial;mix-blend-mode:normal;\" class=\"ls-l ls-html-layer\" data-ls=\"easingin:easeOutQuint;static:forever;position:fixed;\"><\/div><p style=\"top:87px;left:247px;mix-blend-mode:normal;font-family:Montserrat;font-size:19px;line-height:28px;color:rgba(255, 255, 255, 0.9);width:780px;white-space:normal;\" class=\"ls-l ls-text-layer\" data-ls=\"offsetyin:-30;delayin:300;easingin:easeOutExpo;fadein:false;scaleyin:0;transformoriginin:50% 0% 0;texttransitionin:true;texttypein:lines_asc;textshiftin:100;textoffsetyin:-20;texteasingin:easeOutQuint;textstartatin:transitioninstart + 100;position:relative;\">NGC 2175 ist die Bezeichnung f\u00fcr einen offenen Sternhaufen mit Gasnebel im nord\u00f6stlichen Gebiet des Sternbild Orion<\/p><p style=\"top:23px;left:26.92%;text-align:initial;font-weight:800;mix-blend-mode:normal;font-family:Montserrat;font-size:64px;line-height:64px;color:#ffffff;\" class=\"ls-l ls-text-layer\" data-ls=\"offsetyin:100lh;durationin:1200;easingin:easeOutQuint;fadein:false;clipin:0 0 100% 0;texttransitionin:true;texttypein:words_asc;textdurationin:1200;texteasingin:easeOutQuint;textfadein:false;textstartatin:transitioninstart + 0;textrotatein:10;position:relative;\">NGC-2175<\/p><\/div><div class=\"ls-slide\" data-ls=\"bgposition:0% 50%;duration:12000;transition2d:5;transitionduration:1500;kenburnszoom:in;kenburnsrotate:6;kenburnsscale:1.1;\"><img loading=\"lazy\" decoding=\"async\" width=\"1355\" height=\"906\" src=\"https:\/\/deep-cosmos.com\/page\/wp-content\/uploads\/layerslider\/projects\/Simple-Fullscreen-Slider\/IC1805-v2-sw-small-e1704574872121.jpg\" class=\"ls-bg\" alt=\"\" srcset=\"https:\/\/deep-cosmos.com\/page\/wp-content\/uploads\/layerslider\/projects\/Simple-Fullscreen-Slider\/IC1805-v2-sw-small-e1704574872121.jpg 1355w, https:\/\/deep-cosmos.com\/page\/wp-content\/uploads\/layerslider\/projects\/Simple-Fullscreen-Slider\/IC1805-v2-sw-small-e1704574872121-1280x856.jpg 1280w, https:\/\/deep-cosmos.com\/page\/wp-content\/uploads\/layerslider\/projects\/Simple-Fullscreen-Slider\/IC1805-v2-sw-small-e1704574872121-980x655.jpg 980w, https:\/\/deep-cosmos.com\/page\/wp-content\/uploads\/layerslider\/projects\/Simple-Fullscreen-Slider\/IC1805-v2-sw-small-e1704574872121-480x321.jpg 480w\" sizes=\"auto, (min-width: 0px) and (max-width: 480px) 480px, (min-width: 481px) and (max-width: 980px) 980px, (min-width: 981px) and (max-width: 1280px) 1280px, (min-width: 1281px) 1355px, 100vw\" \/><img loading=\"lazy\" decoding=\"async\" width=\"1355\" height=\"906\" src=\"https:\/\/deep-cosmos.com\/page\/wp-content\/uploads\/layerslider\/projects\/Simple-Fullscreen-Slider\/IC1805-v2-sw-small-e1704574872121.jpg\" class=\"ls-tn\" alt=\"\" srcset=\"https:\/\/deep-cosmos.com\/page\/wp-content\/uploads\/layerslider\/projects\/Simple-Fullscreen-Slider\/IC1805-v2-sw-small-e1704574872121.jpg 1355w, https:\/\/deep-cosmos.com\/page\/wp-content\/uploads\/layerslider\/projects\/Simple-Fullscreen-Slider\/IC1805-v2-sw-small-e1704574872121-1280x856.jpg 1280w, https:\/\/deep-cosmos.com\/page\/wp-content\/uploads\/layerslider\/projects\/Simple-Fullscreen-Slider\/IC1805-v2-sw-small-e1704574872121-980x655.jpg 980w, https:\/\/deep-cosmos.com\/page\/wp-content\/uploads\/layerslider\/projects\/Simple-Fullscreen-Slider\/IC1805-v2-sw-small-e1704574872121-480x321.jpg 480w\" sizes=\"auto, (min-width: 0px) and (max-width: 480px) 480px, (min-width: 481px) and (max-width: 980px) 980px, (min-width: 981px) and (max-width: 1280px) 1280px, (min-width: 1281px) 1355px, 100vw\" \/><div style=\"background: linear-gradient(to bottom, rgba(0,0,0,0.66) 0%,rgba(0,0,0,0) 100%);top:0px;left:0px;text-align:initial;mix-blend-mode:normal;\" class=\"ls-l ls-html-layer\" data-ls=\"easingin:easeOutQuint;static:forever;position:fixed;\"><\/div><p style=\"top:87px;left:186px;mix-blend-mode:normal;font-family:Montserrat;font-size:19px;line-height:28px;color:rgba(255, 255, 255, 0.9);width:780px;white-space:normal;\" class=\"ls-l ls-text-layer\" data-ls=\"offsetyin:-30;delayin:300;easingin:easeOutExpo;fadein:false;scaleyin:0;transformoriginin:50% 0% 0;texttransitionin:true;texttypein:lines_asc;textshiftin:100;textoffsetyin:-20;texteasingin:easeOutQuint;textstartatin:transitioninstart + 100;position:relative;\">Der Herznebel IC 1805 und der offene Sternhaufen Melotte 15 im Sternbild Kassiopeia.<\/p><p style=\"top:23px;left:186px;text-align:initial;font-weight:800;mix-blend-mode:normal;font-family:Montserrat;font-size:64px;line-height:64px;color:#ffffff;\" class=\"ls-l ls-text-layer\" data-ls=\"offsetyin:100lh;durationin:1200;easingin:easeOutQuint;fadein:false;clipin:0 0 100% 0;texttransitionin:true;texttypein:words_asc;textdurationin:1200;texteasingin:easeOutQuint;textfadein:false;textstartatin:transitioninstart + 0;textrotatein:10;position:relative;\">IC-1805 Melotte-15<\/p><\/div><\/div>[\/et_pb_fullwidth_code][\/et_pb_section][et_pb_section fb_built=&#8221;1&#8243; _builder_version=&#8221;4.18.0&#8243; _module_preset=&#8221;default&#8221; background_color=&#8221;#0C71C3&#8243; custom_padding=&#8221;20px||5px||false|false&#8221; global_colors_info=&#8221;{}&#8221;][et_pb_row _builder_version=&#8221;4.18.0&#8243; _module_preset=&#8221;default&#8221; background_color=&#8221;#0C71C3&#8243; custom_margin=&#8221;0px||||false|false&#8221; custom_padding=&#8221;20px||5px||false|false&#8221; animation_style=&#8221;zoom&#8221; animation_duration=&#8221;1500ms&#8221; global_colors_info=&#8221;{}&#8221;][et_pb_column type=&#8221;4_4&#8243; _builder_version=&#8221;4.18.0&#8243; _module_preset=&#8221;default&#8221; global_colors_info=&#8221;{}&#8221;][et_pb_cta title=&#8221;FASZINATION ASTROFOTOGRAFIE &#8221; button_url=&#8221;@ET-DC@eyJkeW5hbWljIjp0cnVlLCJjb250ZW50IjoicG9zdF9saW5rX3VybF9wYWdlIiwic2V0dGluZ3MiOnsicG9zdF9pZCI6IjQ5MSJ9fQ==@&#8221; button_text=&#8221;Los geht\u00b4s &#8230;&#8221; _builder_version=&#8221;4.18.0&#8243; _dynamic_attributes=&#8221;button_url&#8221; _module_preset=&#8221;default&#8221; background_color=&#8221;#0C71C3&#8243; custom_padding=&#8221;5px||5px||false|false&#8221; global_colors_info=&#8221;{}&#8221;]<\/p>\n<p>Wer einmal bewusst in den Kosmos geschaut hat, muss bescheiden werden<\/p>\n<p>und erkennen, dass er nur ein Staubkorn ist.<\/p>\n<p>[\/et_pb_cta][\/et_pb_column][\/et_pb_row][\/et_pb_section][et_pb_section fb_built=&#8221;1&#8243; _builder_version=&#8221;4.18.0&#8243; _module_preset=&#8221;default&#8221; background_color=&#8221;#383838&#8243; box_shadow_style=&#8221;preset3&#8243; box_shadow_color=&#8221;#000000&#8243; global_colors_info=&#8221;{}&#8221;][et_pb_row column_structure=&#8221;3_5,2_5&#8243; _builder_version=&#8221;4.18.0&#8243; _module_preset=&#8221;default&#8221; global_colors_info=&#8221;{}&#8221;][et_pb_column type=&#8221;3_5&#8243; _builder_version=&#8221;4.18.0&#8243; _module_preset=&#8221;default&#8221; global_colors_info=&#8221;{}&#8221;][et_pb_text _builder_version=&#8221;4.18.0&#8243; _module_preset=&#8221;default&#8221; background_layout=&#8221;dark&#8221; animation_style=&#8221;slide&#8221; animation_direction=&#8221;left&#8221; global_colors_info=&#8221;{}&#8221;]<\/p>\n<h2 class=\"LC20lb MBeuO DKV0Md\">Astrofotografie: Das Unsichtbare Sichtbar machen&#8230;.<\/h2>\n<p><em>von meiner kleinen Garten (Terrassen) Sternwarte in Cala Blava auf Mallorca<\/em><\/p>\n<p>&nbsp;<\/p>\n<p>Die Faszination der Astrofotografie liegt in der M\u00f6glichkeit, die Sch\u00f6nheit und Geheimnisse des Universums auf eine einzigartige Weise zu erfassen und zu teilen.<br \/>Durch die Verwendung von speziellen Kameras, Teleskopen und Nachf\u00fchrsystemen kann man als Astrofotograf Bilder von Himmelsk\u00f6rpern aufnehmen, die mit blo\u00dfem Auge nicht sichtbar sind.<\/p>\n<p>Diese Technik erfordert ein tiefes Verst\u00e4ndnis der Astronomie, der Fotografie und der Bildbearbeitung, sowie Geduld und Ausdauer, um die perfekte Aufnahme zu erzielen.<br \/>Astrofotografie erm\u00f6glicht es mir, ferne Galaxien, Nebel, Sternhaufen und Planeten in einer exellenten Detailgenauigkeit zu betrachten. Die Aufnahmen zeigen die Sch\u00f6nheit und Vielfalt des Universums und er\u00f6ffnen neue Perspektiven auf unseren Platz im Kosmos.<\/p>\n<p>Durch die Kombination von Wissenschaft und Kunst kann man als Hobby Astrofotograf nicht nur \u00e4sthetisch ansprechende Bilder erstellen, sondern auch dazu beitragen, unser Verst\u00e4ndnis des Weltalls zu vertiefen und zu erweitern.<br \/>Die Faszination der Astrofotografie liegt also nicht nur in der technischen Herausforderung, sondern auch in der M\u00f6glichkeit, die Sch\u00f6nheit und Komplexit\u00e4t des Universums auf eine ganz besondere Weise zu erleben und zu teilen.<\/p>\n<p>BG &amp; CS<br \/>Andreas<\/p>\n<p>[\/et_pb_text][\/et_pb_column][et_pb_column type=&#8221;2_5&#8243; _builder_version=&#8221;4.18.0&#8243; _module_preset=&#8221;default&#8221; global_colors_info=&#8221;{}&#8221;][et_pb_image src=&#8221;https:\/\/deep-cosmos.com\/page\/wp-content\/uploads\/2024\/03\/avatar-scaled.jpg&#8221; title_text=&#8221;home-teleskope&#8221; _builder_version=&#8221;4.18.0&#8243; _module_preset=&#8221;default&#8221; custom_margin=&#8221;50px||||false|false&#8221; animation_style=&#8221;slide&#8221; animation_direction=&#8221;right&#8221; border_radii=&#8221;on|15px|15px|15px|15px&#8221; border_width_all=&#8221;2px&#8221; border_color_all=&#8221;#242424&#8243; box_shadow_style=&#8221;preset1&#8243; box_shadow_spread=&#8221;10px&#8221; box_shadow_color=&#8221;#242424&#8243; global_colors_info=&#8221;{}&#8221;][\/et_pb_image][\/et_pb_column][\/et_pb_row][\/et_pb_section]<\/p>\n","protected":false},"excerpt":{"rendered":"<p><script type=\"text\/javascript\">jQuery(function() { _initLayerSlider( '#layerslider_8_pz7i7paamilz', {createdWith: '6.6.048', sliderVersion: '7.9.11', allowFullscreen: true, maxRatio: 1, skin: 'borderlessdark3d', sliderFadeInDuration: 350, navStartStop: false, showBarTimer: true, showCircleTimer: false, useSrcset: true, skinsPath: 'https:\/\/deep-cosmos.com\/page\/wp-content\/plugins\/LayerSlider\/assets\/static\/layerslider\/skins\/', performanceMode: true}); });<\/script><div id=\"layerslider_8_pz7i7paamilz\"  class=\"ls-wp-container fitvidsignore ls-selectable\" style=\"width:1500px;height:700px;margin:0 auto;margin-bottom: 0px;\"><div class=\"ls-slide\" data-ls=\"bgposition:50% 50%;duration:12000;transition2d:5;transitionduration:1500;kenburnszoom:out;kenburnsrotate:0;kenburnsscale:1.5;\"><img loading=\"lazy\" width=\"2560\" height=\"1683\" src=\"https:\/\/deep-cosmos.com\/page\/wp-content\/uploads\/layerslider\/projects\/Simple-Fullscreen-Slider\/NGC2244_2-sw-medium-scaled.jpg\" class=\"ls-bg\" alt=\"\" decoding=\"async\" srcset=\"https:\/\/deep-cosmos.com\/page\/wp-content\/uploads\/layerslider\/projects\/Simple-Fullscreen-Slider\/NGC2244_2-sw-medium-scaled.jpg 2560w, https:\/\/deep-cosmos.com\/page\/wp-content\/uploads\/layerslider\/projects\/Simple-Fullscreen-Slider\/NGC2244_2-sw-medium-scaled-1280x842.jpg 1280w, https:\/\/deep-cosmos.com\/page\/wp-content\/uploads\/layerslider\/projects\/Simple-Fullscreen-Slider\/NGC2244_2-sw-medium-scaled-980x644.jpg 980w, https:\/\/deep-cosmos.com\/page\/wp-content\/uploads\/layerslider\/projects\/Simple-Fullscreen-Slider\/NGC2244_2-sw-medium-scaled-480x316.jpg 480w\" sizes=\"auto, (min-width: 0px) and (max-width: 480px) 480px, (min-width: 481px) and (max-width: 980px) 980px, (min-width: 981px) and (max-width: 1280px) 1280px, (min-width: 1281px) 2560px, 100vw\" \/><img loading=\"lazy\" width=\"2560\" height=\"1683\" src=\"https:\/\/deep-cosmos.com\/page\/wp-content\/uploads\/layerslider\/projects\/Simple-Fullscreen-Slider\/NGC2244_2-sw-medium-scaled.jpg\" class=\"ls-tn\" alt=\"\" decoding=\"async\" srcset=\"https:\/\/deep-cosmos.com\/page\/wp-content\/uploads\/layerslider\/projects\/Simple-Fullscreen-Slider\/NGC2244_2-sw-medium-scaled.jpg 2560w, https:\/\/deep-cosmos.com\/page\/wp-content\/uploads\/layerslider\/projects\/Simple-Fullscreen-Slider\/NGC2244_2-sw-medium-scaled-1280x842.jpg 1280w, https:\/\/deep-cosmos.com\/page\/wp-content\/uploads\/layerslider\/projects\/Simple-Fullscreen-Slider\/NGC2244_2-sw-medium-scaled-980x644.jpg 980w, https:\/\/deep-cosmos.com\/page\/wp-content\/uploads\/layerslider\/projects\/Simple-Fullscreen-Slider\/NGC2244_2-sw-medium-scaled-480x316.jpg 480w\" sizes=\"auto, (min-width: 0px) and (max-width: 480px) 480px, (min-width: 481px) and (max-width: 980px) 980px, (min-width: 981px) and (max-width: 1280px) 1280px, (min-width: 1281px) 2560px, 100vw\" \/><div style=\"background: linear-gradient(to bottom, rgba(0,0,0,0.66) 0%,rgba(0,0,0,0) 100%);top:0px;left:0px;text-align:initial;mix-blend-mode:normal;\" class=\"ls-l ls-html-layer\" data-ls=\"easingin:easeOutQuint;static:forever;position:fixed;\"><\/div><p style=\"top:101px;left:229px;mix-blend-mode:normal;font-family:Montserrat;font-size:19px;line-height:28px;color:rgba(255, 255, 255, 0.9);width:780px;white-space:normal;\" class=\"ls-l ls-text-layer\" data-ls=\"offsetyin:-30;delayin:300;easingin:easeOutExpo;fadein:false;scaleyin:0;transformoriginin:50% 0% 0;texttransitionin:true;texttypein:lines_asc;textshiftin:100;textoffsetyin:-20;texteasingin:easeOutQuint;textstartatin:transitioninstart + 100;position:relative;\">NGC 2244 ist ein offener Sternhaufen im Rosettennebel, der sich im Sternbild Monoceros befindet.<\/p><p style=\"top:25px;left:230px;text-align:initial;font-weight:800;mix-blend-mode:normal;font-family:Montserrat;font-size:64px;line-height:64px;color:#ffffff;\" class=\"ls-l ls-text-layer\" data-ls=\"offsetyin:100lh;durationin:1200;easingin:easeOutQuint;fadein:false;clipin:0 0 100% 0;texttransitionin:true;texttypein:words_asc;textdurationin:1200;texteasingin:easeOutQuint;textfadein:false;textstartatin:transitioninstart + 0;textrotatein:10;position:relative;\">NGC-2244<\/p><\/div><div class=\"ls-slide\" data-ls=\"duration:12000;transition2d:5;transitionduration:1500;kenburnszoom:out;kenburnsrotate:6;kenburnsscale:1.1;\"><img loading=\"lazy\" width=\"2560\" height=\"1846\" src=\"https:\/\/deep-cosmos.com\/page\/wp-content\/uploads\/layerslider\/projects\/Simple-Fullscreen-Slider\/NGC2175-1-sw-scaled.jpg\" class=\"ls-bg\" alt=\"\" decoding=\"async\" srcset=\"https:\/\/deep-cosmos.com\/page\/wp-content\/uploads\/layerslider\/projects\/Simple-Fullscreen-Slider\/NGC2175-1-sw-scaled.jpg 2560w, https:\/\/deep-cosmos.com\/page\/wp-content\/uploads\/layerslider\/projects\/Simple-Fullscreen-Slider\/NGC2175-1-sw-scaled-1280x923.jpg 1280w, https:\/\/deep-cosmos.com\/page\/wp-content\/uploads\/layerslider\/projects\/Simple-Fullscreen-Slider\/NGC2175-1-sw-scaled-980x707.jpg 980w, https:\/\/deep-cosmos.com\/page\/wp-content\/uploads\/layerslider\/projects\/Simple-Fullscreen-Slider\/NGC2175-1-sw-scaled-480x346.jpg 480w\" sizes=\"auto, (min-width: 0px) and (max-width: 480px) 480px, (min-width: 481px) and (max-width: 980px) 980px, (min-width: 981px) and (max-width: 1280px) 1280px, (min-width: 1281px) 2560px, 100vw\" \/><div style=\"background: linear-gradient(to bottom, rgba(0,0,0,0.66) 0%,rgba(0,0,0,0) 100%);top:0px;left:0px;text-align:initial;mix-blend-mode:normal;\" class=\"ls-l ls-html-layer\" data-ls=\"easingin:easeOutQuint;static:forever;position:fixed;\"><\/div><p style=\"top:87px;left:247px;mix-blend-mode:normal;font-family:Montserrat;font-size:19px;line-height:28px;color:rgba(255, 255, 255, 0.9);width:780px;white-space:normal;\" class=\"ls-l ls-text-layer\" data-ls=\"offsetyin:-30;delayin:300;easingin:easeOutExpo;fadein:false;scaleyin:0;transformoriginin:50% 0% 0;texttransitionin:true;texttypein:lines_asc;textshiftin:100;textoffsetyin:-20;texteasingin:easeOutQuint;textstartatin:transitioninstart + 100;position:relative;\">NGC 2175 ist die Bezeichnung f\u00fcr einen offenen Sternhaufen mit Gasnebel im nord\u00f6stlichen Gebiet des Sternbild Orion<\/p><p style=\"top:23px;left:26.92%;text-align:initial;font-weight:800;mix-blend-mode:normal;font-family:Montserrat;font-size:64px;line-height:64px;color:#ffffff;\" class=\"ls-l ls-text-layer\" data-ls=\"offsetyin:100lh;durationin:1200;easingin:easeOutQuint;fadein:false;clipin:0 0 100% 0;texttransitionin:true;texttypein:words_asc;textdurationin:1200;texteasingin:easeOutQuint;textfadein:false;textstartatin:transitioninstart + 0;textrotatein:10;position:relative;\">NGC-2175<\/p><\/div><div class=\"ls-slide\" data-ls=\"bgposition:0% 50%;duration:12000;transition2d:5;transitionduration:1500;kenburnszoom:in;kenburnsrotate:6;kenburnsscale:1.1;\"><img loading=\"lazy\" width=\"1355\" height=\"906\" src=\"https:\/\/deep-cosmos.com\/page\/wp-content\/uploads\/layerslider\/projects\/Simple-Fullscreen-Slider\/IC1805-v2-sw-small-e1704574872121.jpg\" class=\"ls-bg\" alt=\"\" decoding=\"async\" srcset=\"https:\/\/deep-cosmos.com\/page\/wp-content\/uploads\/layerslider\/projects\/Simple-Fullscreen-Slider\/IC1805-v2-sw-small-e1704574872121.jpg 1355w, https:\/\/deep-cosmos.com\/page\/wp-content\/uploads\/layerslider\/projects\/Simple-Fullscreen-Slider\/IC1805-v2-sw-small-e1704574872121-1280x856.jpg 1280w, https:\/\/deep-cosmos.com\/page\/wp-content\/uploads\/layerslider\/projects\/Simple-Fullscreen-Slider\/IC1805-v2-sw-small-e1704574872121-980x655.jpg 980w, https:\/\/deep-cosmos.com\/page\/wp-content\/uploads\/layerslider\/projects\/Simple-Fullscreen-Slider\/IC1805-v2-sw-small-e1704574872121-480x321.jpg 480w\" sizes=\"auto, (min-width: 0px) and (max-width: 480px) 480px, (min-width: 481px) and (max-width: 980px) 980px, (min-width: 981px) and (max-width: 1280px) 1280px, (min-width: 1281px) 1355px, 100vw\" \/><img loading=\"lazy\" width=\"1355\" height=\"906\" src=\"https:\/\/deep-cosmos.com\/page\/wp-content\/uploads\/layerslider\/projects\/Simple-Fullscreen-Slider\/IC1805-v2-sw-small-e1704574872121.jpg\" class=\"ls-tn\" alt=\"\" decoding=\"async\" srcset=\"https:\/\/deep-cosmos.com\/page\/wp-content\/uploads\/layerslider\/projects\/Simple-Fullscreen-Slider\/IC1805-v2-sw-small-e1704574872121.jpg 1355w, https:\/\/deep-cosmos.com\/page\/wp-content\/uploads\/layerslider\/projects\/Simple-Fullscreen-Slider\/IC1805-v2-sw-small-e1704574872121-1280x856.jpg 1280w, https:\/\/deep-cosmos.com\/page\/wp-content\/uploads\/layerslider\/projects\/Simple-Fullscreen-Slider\/IC1805-v2-sw-small-e1704574872121-980x655.jpg 980w, https:\/\/deep-cosmos.com\/page\/wp-content\/uploads\/layerslider\/projects\/Simple-Fullscreen-Slider\/IC1805-v2-sw-small-e1704574872121-480x321.jpg 480w\" sizes=\"auto, (min-width: 0px) and (max-width: 480px) 480px, (min-width: 481px) and (max-width: 980px) 980px, (min-width: 981px) and (max-width: 1280px) 1280px, (min-width: 1281px) 1355px, 100vw\" \/><div style=\"background: linear-gradient(to bottom, rgba(0,0,0,0.66) 0%,rgba(0,0,0,0) 100%);top:0px;left:0px;text-align:initial;mix-blend-mode:normal;\" class=\"ls-l ls-html-layer\" data-ls=\"easingin:easeOutQuint;static:forever;position:fixed;\"><\/div><p style=\"top:87px;left:186px;mix-blend-mode:normal;font-family:Montserrat;font-size:19px;line-height:28px;color:rgba(255, 255, 255, 0.9);width:780px;white-space:normal;\" class=\"ls-l ls-text-layer\" data-ls=\"offsetyin:-30;delayin:300;easingin:easeOutExpo;fadein:false;scaleyin:0;transformoriginin:50% 0% 0;texttransitionin:true;texttypein:lines_asc;textshiftin:100;textoffsetyin:-20;texteasingin:easeOutQuint;textstartatin:transitioninstart + 100;position:relative;\">Der Herznebel IC 1805 und der offene Sternhaufen Melotte 15 im Sternbild Kassiopeia.<\/p><p style=\"top:23px;left:186px;text-align:initial;font-weight:800;mix-blend-mode:normal;font-family:Montserrat;font-size:64px;line-height:64px;color:#ffffff;\" class=\"ls-l ls-text-layer\" data-ls=\"offsetyin:100lh;durationin:1200;easingin:easeOutQuint;fadein:false;clipin:0 0 100% 0;texttransitionin:true;texttypein:words_asc;textdurationin:1200;texteasingin:easeOutQuint;textfadein:false;textstartatin:transitioninstart + 0;textrotatein:10;position:relative;\">IC-1805 Melotte-15<\/p><\/div><\/div>Wer einmal bewusst in den Kosmos geschaut hat, muss bescheiden werden und erkennen, dass er nur ein Staubkorn ist.Astrofotografie: Das Unsichtbare Sichtbar machen&#8230;. von meiner kleinen Garten (Terrassen) Sternwarte in Cala Blava auf Mallorca &nbsp; Die Faszination der Astrofotografie liegt in der M\u00f6glichkeit, die Sch\u00f6nheit und Geheimnisse des Universums auf eine einzigartige Weise zu [&hellip;]<\/p>\n","protected":false},"author":1,"featured_media":0,"parent":0,"menu_order":11,"comment_status":"closed","ping_status":"closed","template":"","meta":{"_et_pb_use_builder":"on","_et_pb_old_content":"","_et_gb_content_width":"","_glsr_average":0,"_glsr_ranking":0,"_glsr_reviews":0,"footnotes":""},"class_list":["post-11","page","type-page","status-publish","hentry"],"_links":{"self":[{"href":"https:\/\/deep-cosmos.com\/page\/wp-json\/wp\/v2\/pages\/11","targetHints":{"allow":["GET"]}}],"collection":[{"href":"https:\/\/deep-cosmos.com\/page\/wp-json\/wp\/v2\/pages"}],"about":[{"href":"https:\/\/deep-cosmos.com\/page\/wp-json\/wp\/v2\/types\/page"}],"author":[{"embeddable":true,"href":"https:\/\/deep-cosmos.com\/page\/wp-json\/wp\/v2\/users\/1"}],"replies":[{"embeddable":true,"href":"https:\/\/deep-cosmos.com\/page\/wp-json\/wp\/v2\/comments?post=11"}],"version-history":[{"count":77,"href":"https:\/\/deep-cosmos.com\/page\/wp-json\/wp\/v2\/pages\/11\/revisions"}],"predecessor-version":[{"id":1880,"href":"https:\/\/deep-cosmos.com\/page\/wp-json\/wp\/v2\/pages\/11\/revisions\/1880"}],"wp:attachment":[{"href":"https:\/\/deep-cosmos.com\/page\/wp-json\/wp\/v2\/media?parent=11"}],"curies":[{"name":"wp","href":"https:\/\/api.w.org\/{rel}","templated":true}]}}